{"id":107,"date":"2021-01-28T23:02:24","date_gmt":"2021-01-28T22:02:24","guid":{"rendered":"http:\/\/jeanracine.org\/cijr\/?page_id=107"},"modified":"2021-05-06T15:32:46","modified_gmt":"2021-05-06T13:32:46","slug":"lintendant-des-luynes","status":"publish","type":"page","link":"https:\/\/jeanracine.org\/cijr\/lintendant-des-luynes\/","title":{"rendered":"L&rsquo;intendant des Luynes"},"content":{"rendered":"<p style=\"text-align: justify;\"><span style=\"font-weight: 400;\">Antoine Le Maistre, ancien avocat devenu Solitaire songe \u00e0 une carri\u00e8re juridique pour son prot\u00e9g\u00e9. E<\/span><span style=\"font-weight: 400;\">n 1657, Jean Racine est envoy\u00e9 au coll\u00e8ge d\u2019Harcourt, dirig\u00e9 par un proviseur ami de Port-Royal, Thomas Fortin. Il y subit ainsi encore, indirectement, l&rsquo;influence de ses premiers ma\u00eetres \u00e0 travers les cours de philosophie, de morale et de m\u00e9taphysique qui lui sont dispens\u00e9s.<\/span><\/p>\n<p style=\"text-align: justify;\"><span style=\"font-weight: 400;\">En 1659, Racine sort du coll\u00e8ge, mais n\u2019\u00e9prouve aucune envie de quitter Paris, ni de poursuivre des \u00e9tudes de droit, d\u2019autant que son protecteur Le Maistre est mort en 1658. Son cousin Nicolas, au service des Luynes, lui obtient une place d\u2019intendant qu\u2019il conservera deux ans. A cette \u00e9poque, il commence \u00e0 fr\u00e9quenter le monde litt\u00e9raire, il apprend les codes de la sociabilit\u00e9 galante dans le salon des Vitart, il s\u2019essaie \u00e0 la po\u00e9sie pr\u00e9cieuse, il court les cabarets avec La Fontaine, il \u00e9crit des vers de circonstance, il compose une pi\u00e8ce de th\u00e9\u00e2tre aujourd\u2019hui perdue, <\/span><i><span style=\"font-weight: 400;\">Amasie<\/span><\/i><span style=\"font-weight: 400;\">, qu\u2019il pr\u00e9sente \u00e0 l\u2019\u00e9t\u00e9 1660 aux th\u00e9\u00e2tres parisiens \u2013 qui la refusent. Son premier succ\u00e8s date de l\u2019automne 1660 : <\/span><span style=\"font-weight: 400;\"><em>l\u2019Ode \u00e0 la nymphe de la Seine<\/em>, en l\u2019honneur du mariage de Louis XIV, qu\u2019il fait imprimer \u00e0 ses frais, dans l\u2019espoir d\u2019obtenir une reconnaissance.<\/span><\/p>\n<p><span style=\"font-size: 12pt; color: #767676; font-style: italic;\">Je suis la nymphe de la Seine,<br \/>\n<\/span><span style=\"font-size: 12pt; color: #767676; font-style: italic;\">C\u2019est moi dont les illustres bords<br \/>\n<\/span><span style=\"font-size: 12pt; color: #767676; font-style: italic;\">Doivent poss\u00e9der les tr\u00e9sors<br \/>\n<\/span><span style=\"font-size: 12pt; color: #767676; font-style: italic;\">Qui rendaient l\u2019Espagne si vaine :<br \/>\n<\/span><span style=\"font-size: 12pt; color: #767676; font-style: italic;\">Ils sont des plus grands rois l\u2019agr\u00e9able s\u00e9jour,<br \/>\n<\/span><span style=\"font-size: 12pt; color: #767676; font-style: italic;\">Ils le sont des Plaisirs, ils le sont de l\u2019Amour,<br \/>\n<\/span><span style=\"font-size: 12pt; color: #767676; font-style: italic;\">Il n\u2019est rien de si doux que l\u2019air qu\u2019on y respire ;<br \/>\n<\/span><span style=\"font-size: 12pt; color: #767676; font-style: italic;\">Je re\u00e7ois les tributs de cent fleuves divers,<br \/>\n<\/span><span style=\"font-size: 12pt; color: #767676; font-style: italic;\">Mais couler dessous votre Empire<br \/>\n<\/span><span style=\"font-size: 12pt; color: #767676; font-style: italic;\">M\u2019est plus que de r\u00e9gner sur l\u2019empire des mers.<\/span><\/p>\n<p><img loading=\"lazy\" decoding=\"async\" class=\"wp-image-433 alignleft\" src=\"http:\/\/jeanracine.org\/cijr\/wp-content\/uploads\/2021\/02\/nymphe-215x300.jpg\" alt=\"\" width=\"180\" height=\"251\" srcset=\"https:\/\/jeanracine.org\/cijr\/wp-content\/uploads\/2021\/02\/nymphe-215x300.jpg 215w, https:\/\/jeanracine.org\/cijr\/wp-content\/uploads\/2021\/02\/nymphe.jpg 341w\" sizes=\"auto, (max-width: 180px) 100vw, 180px\" \/><\/p>\n<p style=\"text-align: justify;\"><span style=\"font-weight: 400;\">Jean <\/span><span style=\"font-weight: 400;\">Chapelain, c\u00e9l\u00e8bre po\u00e8te et acad\u00e9micien, et surtout charg\u00e9 de mettre en \u0153uvre la politique de m\u00e9c\u00e9nat royal, lui fait l\u2019honneur de le corriger. Racine ou le cam\u00e9l\u00e9on, \u00e9crivait Alain Viala : ce premier essai important montre \u00e0 quel point le po\u00e8te est capable de se couler dans le genre qu\u2019il pratique, d\u2019adopter les codes du milieu dans lequel il \u00e9volue\u00a0 : <\/span><span style=\"font-weight: 400;\">ici une po\u00e9sie de circonstance, dans laquelle il reprend la structure de l\u2019ode malherbienne, mais en lui donnant une inflexion galante.\u00a0<\/span><\/p>\n<p style=\"text-align: justify;\"><span style=\"font-weight: 400;\">Jean Racine s\u2019\u00e9loigne de ses ma\u00eetres en choisissant la po\u00e9sie mythologique et profane, mais il se montre encore fid\u00e8le, dans la forme, \u00e0 la pratique d\u2019Arnauld d\u2019Andilly, en choisissant (au lieu du d\u00e9casyllabe), le dizain d&rsquo;alexandrins <em>abbaccdede<\/em>. M\u00eame lorsque l&rsquo;ambitieux jeune homme s&rsquo;affranchit du joug de ses aust\u00e8res professeurs, il reste encore leur d\u00e9biteur.<\/span><\/p>\n<p style=\"text-align: justify;\"><span style=\"font-weight: 400;\">L\u2019\u00e9pithalame (po\u00e8me \u00e0 l\u2019occasion de noces) traduit l\u2019app\u00e9tit de gloire et l\u2019arrivisme du jeune po\u00e8te. Racine, en 1659-1660, choisit d\u2019embrasser la carri\u00e8re des lettres : choix qui atteste la transformation du statut de l\u2019auteur et la naissance de l\u2019homme de lettres moderne, tel que l\u2019a \u00e9tudi\u00e9 Alain Viala. Etre \u00e9crivain, cela veut dire d\u00e9sormais choisir une voie qui permet d\u2019occuper des postes, des responsabilit\u00e9s, d&rsquo;obtenir des subventions, et un statut social.<\/span><\/p>\n<div class=\"menu-sa-vie-container\"><select class=\"mip-drop-nav\"><option value=\"#\">Pour en savoir plus...<\/option><option value=\"https:\/\/jeanracine.org\/cijr\/la-ferte-milon\/\">La Fert\u00e9-Milon<\/option>\n<option value=\"https:\/\/jeanracine.org\/cijr\/lenfance-a-port-royal\/\">Aux Petites Ecoles<\/option>\n<option value=\"https:\/\/jeanracine.org\/cijr\/lintendant-des-luynes\/\">L\u2019intendant des Luynes<\/option>\n<option value=\"https:\/\/jeanracine.org\/cijr\/le-sejour-a-uzes\/\">Le s\u00e9jour \u00e0 Uz\u00e8s<\/option>\n<option value=\"https:\/\/jeanracine.org\/cijr\/l-homme-de-theatre\/\">L&rsquo;homme de th\u00e9\u00e2tre<\/option>\n<option value=\"https:\/\/jeanracine.org\/cijr\/l-historiographe\/\">L&rsquo;historiographe<\/option>\n<option value=\"https:\/\/jeanracine.org\/cijr\/du-cote-de-saint-cyr\/\">Du c\u00f4t\u00e9 de Saint-Cyr<\/option>\n<option value=\"https:\/\/jeanracine.org\/cijr\/les-dernieres-annees\/\">Les derni\u00e8res ann\u00e9es<\/option>\n<option value=\"https:\/\/jeanracine.org\/cijr\/?page_id=1072\">Colloques et JE<\/option>\n<\/select><\/div>\n","protected":false},"excerpt":{"rendered":"<p>Antoine Le Maistre, ancien avocat devenu Solitaire songe \u00e0 une carri\u00e8re juridique pour son prot\u00e9g\u00e9. En 1657, Jean Racine est envoy\u00e9 au coll\u00e8ge d\u2019Harcourt, dirig\u00e9 par un proviseur ami de Port-Royal, Thomas Fortin. Il y subit ainsi encore, indirectement, l&rsquo;influence de ses premiers ma\u00eetres \u00e0 travers les cours de philosophie, de morale et de m\u00e9taphysique &hellip; <a href=\"https:\/\/jeanracine.org\/cijr\/lintendant-des-luynes\/\" class=\"more-link\">Continuer la lecture de <span class=\"screen-reader-text\">L&rsquo;intendant des Luynes<\/span>  <span class=\"meta-nav\">&rarr;<\/span><\/a><\/p>\n","protected":false},"author":1,"featured_media":480,"parent":0,"menu_order":0,"comment_status":"closed","ping_status":"closed","template":"","meta":{"spay_email":"","footnotes":""},"categories":[6],"tags":[],"class_list":["post-107","page","type-page","status-publish","has-post-thumbnail","hentry","category-la-vie"],"jetpack_sharing_enabled":true,"_links":{"self":[{"href":"https:\/\/jeanracine.org\/cijr\/wp-json\/wp\/v2\/pages\/107","targetHints":{"allow":["GET"]}}],"collection":[{"href":"https:\/\/jeanracine.org\/cijr\/wp-json\/wp\/v2\/pages"}],"about":[{"href":"https:\/\/jeanracine.org\/cijr\/wp-json\/wp\/v2\/types\/page"}],"author":[{"embeddable":true,"href":"https:\/\/jeanracine.org\/cijr\/wp-json\/wp\/v2\/users\/1"}],"replies":[{"embeddable":true,"href":"https:\/\/jeanracine.org\/cijr\/wp-json\/wp\/v2\/comments?post=107"}],"version-history":[{"count":7,"href":"https:\/\/jeanracine.org\/cijr\/wp-json\/wp\/v2\/pages\/107\/revisions"}],"predecessor-version":[{"id":758,"href":"https:\/\/jeanracine.org\/cijr\/wp-json\/wp\/v2\/pages\/107\/revisions\/758"}],"wp:featuredmedia":[{"embeddable":true,"href":"https:\/\/jeanracine.org\/cijr\/wp-json\/wp\/v2\/media\/480"}],"wp:attachment":[{"href":"https:\/\/jeanracine.org\/cijr\/wp-json\/wp\/v2\/media?parent=107"}],"wp:term":[{"taxonomy":"category","embeddable":true,"href":"https:\/\/jeanracine.org\/cijr\/wp-json\/wp\/v2\/categories?post=107"},{"taxonomy":"post_tag","embeddable":true,"href":"https:\/\/jeanracine.org\/cijr\/wp-json\/wp\/v2\/tags?post=107"}],"curies":[{"name":"wp","href":"https:\/\/api.w.org\/{rel}","templated":true}]}}