{"id":172,"date":"2021-01-30T11:08:59","date_gmt":"2021-01-30T10:08:59","guid":{"rendered":"http:\/\/jeanracine.org\/cijr\/?page_id=172"},"modified":"2021-01-30T11:08:59","modified_gmt":"2021-01-30T10:08:59","slug":"le-siecle-du-theatre","status":"publish","type":"page","link":"https:\/\/jeanracine.org\/cijr\/le-siecle-du-theatre\/","title":{"rendered":"Le si\u00e8cle du th\u00e9\u00e2tre"},"content":{"rendered":"","protected":false},"excerpt":{"rendered":"","protected":false},"author":1,"featured_media":0,"parent":0,"menu_order":0,"comment_status":"closed","ping_status":"closed","template":"","meta":{"spay_email":"","footnotes":""},"categories":[7],"tags":[],"class_list":["post-172","page","type-page","status-publish","hentry","category-lepoque"],"jetpack_sharing_enabled":true,"_links":{"self":[{"href":"https:\/\/jeanracine.org\/cijr\/wp-json\/wp\/v2\/pages\/172","targetHints":{"allow":["GET"]}}],"collection":[{"href":"https:\/\/jeanracine.org\/cijr\/wp-json\/wp\/v2\/pages"}],"about":[{"href":"https:\/\/jeanracine.org\/cijr\/wp-json\/wp\/v2\/types\/page"}],"author":[{"embeddable":true,"href":"https:\/\/jeanracine.org\/cijr\/wp-json\/wp\/v2\/users\/1"}],"replies":[{"embeddable":true,"href":"https:\/\/jeanracine.org\/cijr\/wp-json\/wp\/v2\/comments?post=172"}],"version-history":[{"count":1,"href":"https:\/\/jeanracine.org\/cijr\/wp-json\/wp\/v2\/pages\/172\/revisions"}],"predecessor-version":[{"id":173,"href":"https:\/\/jeanracine.org\/cijr\/wp-json\/wp\/v2\/pages\/172\/revisions\/173"}],"wp:attachment":[{"href":"https:\/\/jeanracine.org\/cijr\/wp-json\/wp\/v2\/media?parent=172"}],"wp:term":[{"taxonomy":"category","embeddable":true,"href":"https:\/\/jeanracine.org\/cijr\/wp-json\/wp\/v2\/categories?post=172"},{"taxonomy":"post_tag","embeddable":true,"href":"https:\/\/jeanracine.org\/cijr\/wp-json\/wp\/v2\/tags?post=172"}],"curies":[{"name":"wp","href":"https:\/\/api.w.org\/{rel}","templated":true}]}}