{"id":279,"date":"2021-01-30T16:28:39","date_gmt":"2021-01-30T15:28:39","guid":{"rendered":"http:\/\/jeanracine.org\/cijr\/?page_id=279"},"modified":"2021-05-06T15:33:22","modified_gmt":"2021-05-06T13:33:22","slug":"le-sejour-a-uzes","status":"publish","type":"page","link":"https:\/\/jeanracine.org\/cijr\/le-sejour-a-uzes\/","title":{"rendered":"Le s\u00e9jour \u00e0 Uz\u00e8s"},"content":{"rendered":"<p style=\"text-align: justify;\"><span style=\"font-weight: 400;\">Les ma\u00eetres de Port-Royal d\u00e9sapprouvent l&rsquo;attirance de Jean Racine pour le si\u00e8cle profane et les mondanit\u00e9s. D\u2019autant que, outre les r\u00e9probations morales qu\u2019encourt le jeune homme, il se couvre de dettes\u2026 La publication de <em>l\u2019Ode \u00e0 la nymphe de la Seine<\/em> \u00e0 ses frais (et ceux des Vitart qui l&rsquo;ont aid\u00e9) contribue \u00e0 sa ruine. Mais la famille est l\u00e0 : <\/span><span style=\"font-weight: 400;\">Vitart, toujours au service des Luynes, confie \u00e0 Racine la surveillance des travaux au ch\u00e2teau de Chevreuse, tout pr\u00e8s de Port-Royal (on l\u2019appelle aujourd\u2019hui ch\u00e2teau de La Madeleine) ; il doit par exemple faire supprimer le pont-levis\u2026 qui sera r\u00e9tabli plus tard. <\/span><span style=\"font-weight: 400;\">C\u2019est entre Chevreuse et Port-Royal qu\u2019est aujourd\u2019hui trac\u00e9 le chemin Jean Racine, que l\u2019on parcourt \u00e0 pied, et qui est ponctu\u00e9 par des bornes portant des vers du <\/span><i><span style=\"font-weight: 400;\">Paysage de Port-Royal<\/span><\/i><span style=\"font-weight: 400;\">. L\u2019\u00e9loignement de Port-Royal est d\u00e9j\u00e0 sensible : \u00e0 quelques kilom\u00e8tres \u00e0 peine de ces Granges o\u00f9 il fut \u00e9lev\u00e9, il se sent pourtant en exil. <\/span><span style=\"font-weight: 400;\">l s\u2019ennuie \u201c\u00e0 Babylone\u201d, trop loin \u00e0 son gr\u00e9 de Paris, des cabarets, des com\u00e9diennes qu\u2019il commence \u00e0 fr\u00e9quenter. Ses parents et amis lui reprochent de s\u2019\u00e9loigner de Dieu, et de se perdre \u00e0 Paris dans la vie artistique et litt\u00e9raire : <\/span><span style=\"font-weight: 400;\">il re\u00e7oit tous les jours \u201cexcommunication sur excommunication\u201d, raille-t-il, apparemment peu impressionn\u00e9 par les semonces de sa tante.<\/span><\/p>\n<p style=\"text-align: justify;\"><span style=\"font-weight: 400;\">En novembre, il est contraint de partir tr\u00e8s loin. Une opportunit\u00e9 s\u2019est en effet pr\u00e9sent\u00e9e : Antoine Sconin, son oncle, propri\u00e9taire de deux b\u00e9n\u00e9fices eccl\u00e9siastiques, manifeste la vell\u00e9it\u00e9 de lui en r\u00e9signer un. Pas sans condition: Jean doit embrasser la carri\u00e8re eccl\u00e9siastique, et s\u00e9journer chez son oncle, \u00e0 Uz\u00e8s, pour qu&rsquo;il lui enseigne la th\u00e9ologie. Il ob\u00e9it et part pour Uz\u00e8s, <\/span><span style=\"font-weight: 400;\">sans renoncer \u00e0 entretenir une relation \u00e9pistolaire avec ses amis parisiens, ainsi ce po\u00e8me \u00e0 Vitart o\u00f9 il exprime sa surprise et sa fascination pour le climat m\u00e9diterran\u00e9en qu\u2019il d\u00e9crit comme un printemps \u00e9ternel. Il laisse aussi quelques-uns de ses premiers tr\u00e8s beaux vers sur les br\u00fblantes nuits du Midi.<\/span><\/p>\n<blockquote><p><span style=\"font-size: 12pt;\"><span style=\"font-weight: 400;\">Enfin, lorsque la nuit a d\u00e9ploy\u00e9 ses voiles,<br \/>\n<\/span><span style=\"font-weight: 400;\">La lune, au visage changeant,<br \/>\n<\/span><span style=\"font-weight: 400;\">Para\u00eet sur un tr\u00f4ne d&rsquo;argent,<br \/>\n<\/span><span style=\"font-weight: 400;\">Et tient cercle avec les \u00e9toiles,<br \/>\n<\/span><span style=\"font-weight: 400;\">Le ciel est toujours clair tant que dure son cours,<br \/>\n<\/span><span style=\"font-weight: 400;\">Et nous avons des nuits plus belles que vos jours.<\/span><\/span><\/p><\/blockquote>\n<p style=\"text-align: justify;\"><span style=\"font-weight: 400;\">Apr\u00e8s l\u2019\u00e9chec des man\u0153uvres qui devaient lui assurer un b\u00e9n\u00e9fice, <\/span><span style=\"font-weight: 400;\">il revient \u00e0 Paris, et se lance de nouveau dans la carri\u00e8re des lettres. Il c\u00f4toie les Vitart, les Liancourt (proches de Port-Royal), et essaie d\u2019approcher les \u00e9crivains, en particulier Chapelain, charg\u00e9 d\u2019accorder les pensions royales.<\/span><\/p>\n<p style=\"text-align: justify;\"><div class=\"menu-sa-vie-container\"><select class=\"mip-drop-nav\"><option value=\"#\">Pour en savoir plus...<\/option><option value=\"https:\/\/jeanracine.org\/cijr\/la-ferte-milon\/\">La Fert\u00e9-Milon<\/option>\n<option value=\"https:\/\/jeanracine.org\/cijr\/lenfance-a-port-royal\/\">Aux Petites Ecoles<\/option>\n<option value=\"https:\/\/jeanracine.org\/cijr\/lintendant-des-luynes\/\">L\u2019intendant des Luynes<\/option>\n<option value=\"https:\/\/jeanracine.org\/cijr\/le-sejour-a-uzes\/\">Le s\u00e9jour \u00e0 Uz\u00e8s<\/option>\n<option value=\"https:\/\/jeanracine.org\/cijr\/l-homme-de-theatre\/\">L&rsquo;homme de th\u00e9\u00e2tre<\/option>\n<option value=\"https:\/\/jeanracine.org\/cijr\/l-historiographe\/\">L&rsquo;historiographe<\/option>\n<option value=\"https:\/\/jeanracine.org\/cijr\/du-cote-de-saint-cyr\/\">Du c\u00f4t\u00e9 de Saint-Cyr<\/option>\n<option value=\"https:\/\/jeanracine.org\/cijr\/les-dernieres-annees\/\">Les derni\u00e8res ann\u00e9es<\/option>\n<option value=\"https:\/\/jeanracine.org\/cijr\/?page_id=1072\">Colloques et JE<\/option>\n<\/select><\/div><\/p>\n","protected":false},"excerpt":{"rendered":"<p>Les ma\u00eetres de Port-Royal d\u00e9sapprouvent l&rsquo;attirance de Jean Racine pour le si\u00e8cle profane et les mondanit\u00e9s. D\u2019autant que, outre les r\u00e9probations morales qu\u2019encourt le jeune homme, il se couvre de dettes\u2026 La publication de l\u2019Ode \u00e0 la nymphe de la Seine \u00e0 ses frais (et ceux des Vitart qui l&rsquo;ont aid\u00e9) contribue \u00e0 sa ruine. &hellip; <a href=\"https:\/\/jeanracine.org\/cijr\/le-sejour-a-uzes\/\" class=\"more-link\">Continuer la lecture de <span class=\"screen-reader-text\">Le s\u00e9jour \u00e0 Uz\u00e8s<\/span>  <span class=\"meta-nav\">&rarr;<\/span><\/a><\/p>\n","protected":false},"author":1,"featured_media":444,"parent":0,"menu_order":0,"comment_status":"closed","ping_status":"closed","template":"","meta":{"spay_email":"","footnotes":""},"categories":[6],"tags":[],"class_list":["post-279","page","type-page","status-publish","has-post-thumbnail","hentry","category-la-vie"],"jetpack_sharing_enabled":true,"_links":{"self":[{"href":"https:\/\/jeanracine.org\/cijr\/wp-json\/wp\/v2\/pages\/279","targetHints":{"allow":["GET"]}}],"collection":[{"href":"https:\/\/jeanracine.org\/cijr\/wp-json\/wp\/v2\/pages"}],"about":[{"href":"https:\/\/jeanracine.org\/cijr\/wp-json\/wp\/v2\/types\/page"}],"author":[{"embeddable":true,"href":"https:\/\/jeanracine.org\/cijr\/wp-json\/wp\/v2\/users\/1"}],"replies":[{"embeddable":true,"href":"https:\/\/jeanracine.org\/cijr\/wp-json\/wp\/v2\/comments?post=279"}],"version-history":[{"count":7,"href":"https:\/\/jeanracine.org\/cijr\/wp-json\/wp\/v2\/pages\/279\/revisions"}],"predecessor-version":[{"id":759,"href":"https:\/\/jeanracine.org\/cijr\/wp-json\/wp\/v2\/pages\/279\/revisions\/759"}],"wp:featuredmedia":[{"embeddable":true,"href":"https:\/\/jeanracine.org\/cijr\/wp-json\/wp\/v2\/media\/444"}],"wp:attachment":[{"href":"https:\/\/jeanracine.org\/cijr\/wp-json\/wp\/v2\/media?parent=279"}],"wp:term":[{"taxonomy":"category","embeddable":true,"href":"https:\/\/jeanracine.org\/cijr\/wp-json\/wp\/v2\/categories?post=279"},{"taxonomy":"post_tag","embeddable":true,"href":"https:\/\/jeanracine.org\/cijr\/wp-json\/wp\/v2\/tags?post=279"}],"curies":[{"name":"wp","href":"https:\/\/api.w.org\/{rel}","templated":true}]}}