{"id":283,"date":"2021-01-30T16:29:42","date_gmt":"2021-01-30T15:29:42","guid":{"rendered":"http:\/\/jeanracine.org\/cijr\/?page_id=283"},"modified":"2021-02-24T15:07:48","modified_gmt":"2021-02-24T14:07:48","slug":"l-historiographe","status":"publish","type":"page","link":"https:\/\/jeanracine.org\/cijr\/l-historiographe\/","title":{"rendered":"L&rsquo;historiographe"},"content":{"rendered":"<p style=\"text-align: justify;\"><span style=\"font-weight: 400;\">On a longtemps disput\u00e9 sur la pr\u00e9tendue \u201cretraite\u201d, \u00e0 laquelle Georges Forestier pr\u00e9f\u00e8re le terme de \u201cretrait\u201d. La charge d&rsquo;historiographe, qu&rsquo;il obtint en 1677, n&rsquo;avait en r\u00e9alit\u00e9 rien d&rsquo;une sin\u00e9cure: Racine devait d\u00e9sormais suivre le roi dans ses campagnes pour enregistrer au jour le jour la chronique du r\u00e8gne. De plus, parvenu au fa\u00eete de la gloire, Racine pouvait d\u00e9sormais se dispenser de se jeter dans la m\u00eal\u00e9e, et abandonner une profession d\u2019auteur de th\u00e9\u00e2tre qui restait discr\u00e9dit\u00e9e aux yeux des bien-pensants.\u00a0 Racine allait se ranger. Il allait aussi retrouver le chemin de Port-Royal, dont il deviendra jusqu\u2019au bout l\u2019un des plus fid\u00e8les d\u00e9fenseurs. Pourvu de consid\u00e9rables gratifications (2000 livres au titre de sa charge d&rsquo;historiographe, \u00e0 quoi s&rsquo;ajoutent 2000 livres de pension d&rsquo;auteur), il continue d&rsquo;\u00eatre combl\u00e9 de titres. En 1683, il entre \u00e0 l&rsquo;Acad\u00e9mie des <\/span><span style=\"font-weight: 400;\">inscriptions et belles-lettres. En 1691, il devient gentilhomme ordinaire du roi ; 1696 : il obtient une charge de conseiller-secr\u00e9taire du roi (office en apparence prestigieux, mais qu\u2019il est contraint d\u2019acheter malgr\u00e9 lui). Il devient peu \u00e0 peu un familier du roi, riche, envi\u00e9 et respect\u00e9<\/span><span style=\"font-weight: 400;\"> ; il figurait r\u00e9guli\u00e8rement sur la liste des invit\u00e9s aux f\u00eates tr\u00e8s priv\u00e9es que le monarque donnait \u00e0 Marly.<\/span><\/p>\n<blockquote>\n<p style=\"text-align: justify;\"><span style=\"font-weight: 400;\">\u201cRacine a bien de l\u2019esprit.\u201d<\/span><\/p>\n<\/blockquote>\n<p style=\"text-align: justify;\"><span style=\"font-weight: 400;\">dit un jour Louis XIV \u00e0 Mme de S\u00e9vign\u00e9.<\/span><\/p>\n<div class=\"menu-sa-vie-container\"><select class=\"mip-drop-nav\"><option value=\"#\">Pour en savoir plus...<\/option><option value=\"https:\/\/jeanracine.org\/cijr\/la-ferte-milon\/\">La Fert\u00e9-Milon<\/option>\n<option value=\"https:\/\/jeanracine.org\/cijr\/lenfance-a-port-royal\/\">Aux Petites Ecoles<\/option>\n<option value=\"https:\/\/jeanracine.org\/cijr\/lintendant-des-luynes\/\">L\u2019intendant des Luynes<\/option>\n<option value=\"https:\/\/jeanracine.org\/cijr\/le-sejour-a-uzes\/\">Le s\u00e9jour \u00e0 Uz\u00e8s<\/option>\n<option value=\"https:\/\/jeanracine.org\/cijr\/l-homme-de-theatre\/\">L&rsquo;homme de th\u00e9\u00e2tre<\/option>\n<option value=\"https:\/\/jeanracine.org\/cijr\/l-historiographe\/\">L&rsquo;historiographe<\/option>\n<option value=\"https:\/\/jeanracine.org\/cijr\/du-cote-de-saint-cyr\/\">Du c\u00f4t\u00e9 de Saint-Cyr<\/option>\n<option value=\"https:\/\/jeanracine.org\/cijr\/les-dernieres-annees\/\">Les derni\u00e8res ann\u00e9es<\/option>\n<option value=\"https:\/\/jeanracine.org\/cijr\/?page_id=1072\">Colloques et JE<\/option>\n<\/select><\/div>\n","protected":false},"excerpt":{"rendered":"<p>On a longtemps disput\u00e9 sur la pr\u00e9tendue \u201cretraite\u201d, \u00e0 laquelle Georges Forestier pr\u00e9f\u00e8re le terme de \u201cretrait\u201d. La charge d&rsquo;historiographe, qu&rsquo;il obtint en 1677, n&rsquo;avait en r\u00e9alit\u00e9 rien d&rsquo;une sin\u00e9cure: Racine devait d\u00e9sormais suivre le roi dans ses campagnes pour enregistrer au jour le jour la chronique du r\u00e8gne. De plus, parvenu au fa\u00eete de &hellip; <a href=\"https:\/\/jeanracine.org\/cijr\/l-historiographe\/\" class=\"more-link\">Continuer la lecture de <span class=\"screen-reader-text\">L&rsquo;historiographe<\/span>  <span class=\"meta-nav\">&rarr;<\/span><\/a><\/p>\n","protected":false},"author":1,"featured_media":0,"parent":0,"menu_order":0,"comment_status":"closed","ping_status":"closed","template":"","meta":{"spay_email":"","footnotes":""},"categories":[6],"tags":[],"class_list":["post-283","page","type-page","status-publish","hentry","category-la-vie"],"jetpack_sharing_enabled":true,"_links":{"self":[{"href":"https:\/\/jeanracine.org\/cijr\/wp-json\/wp\/v2\/pages\/283","targetHints":{"allow":["GET"]}}],"collection":[{"href":"https:\/\/jeanracine.org\/cijr\/wp-json\/wp\/v2\/pages"}],"about":[{"href":"https:\/\/jeanracine.org\/cijr\/wp-json\/wp\/v2\/types\/page"}],"author":[{"embeddable":true,"href":"https:\/\/jeanracine.org\/cijr\/wp-json\/wp\/v2\/users\/1"}],"replies":[{"embeddable":true,"href":"https:\/\/jeanracine.org\/cijr\/wp-json\/wp\/v2\/comments?post=283"}],"version-history":[{"count":5,"href":"https:\/\/jeanracine.org\/cijr\/wp-json\/wp\/v2\/pages\/283\/revisions"}],"predecessor-version":[{"id":540,"href":"https:\/\/jeanracine.org\/cijr\/wp-json\/wp\/v2\/pages\/283\/revisions\/540"}],"wp:attachment":[{"href":"https:\/\/jeanracine.org\/cijr\/wp-json\/wp\/v2\/media?parent=283"}],"wp:term":[{"taxonomy":"category","embeddable":true,"href":"https:\/\/jeanracine.org\/cijr\/wp-json\/wp\/v2\/categories?post=283"},{"taxonomy":"post_tag","embeddable":true,"href":"https:\/\/jeanracine.org\/cijr\/wp-json\/wp\/v2\/tags?post=283"}],"curies":[{"name":"wp","href":"https:\/\/api.w.org\/{rel}","templated":true}]}}