{"id":285,"date":"2021-01-30T16:30:00","date_gmt":"2021-01-30T15:30:00","guid":{"rendered":"http:\/\/jeanracine.org\/cijr\/?page_id=285"},"modified":"2021-05-06T15:34:37","modified_gmt":"2021-05-06T13:34:37","slug":"du-cote-de-saint-cyr","status":"publish","type":"page","link":"https:\/\/jeanracine.org\/cijr\/du-cote-de-saint-cyr\/","title":{"rendered":"Du c\u00f4t\u00e9 de Saint-Cyr"},"content":{"rendered":"<p style=\"text-align: justify;\"><span style=\"font-weight: 400;\">La maison de Saint-Louis, situ\u00e9e sur la commune actuelle de Saint-Cyr L&rsquo;\u00e9cole, tout pr\u00e8s du ch\u00e2teau, \u00e9tait un \u00e9tablissement d&rsquo;exp\u00e9rimentation p\u00e9dagogique imagin\u00e9 par Mme de Maintenon (1635-1719), favorite puis \u00e9pouse du roi. A deux reprises, Mme de Maintenon passa commande au dramaturge, pour qu&rsquo;il compos\u00e2t des pi\u00e8ces susceptibles d&rsquo;\u00eatre jou\u00e9es par les \u00e9l\u00e8ves dans le cadre de leurs \u00e9tudes. Elle lui demanda d&rsquo;\u00e9crire sur\u00a0<\/span><b>\u00a0<\/b><span style=\"font-weight: 400;\">\u201cquelque sujet de pi\u00e9t\u00e9 et de morale une esp\u00e8ce de po\u00e8me o\u00f9 le chant f\u00fbt m\u00eal\u00e9 avec le r\u00e9cit, le tout li\u00e9 par une action qui rend\u00eet la chose plus vive et moins capable d\u2019ennuyer\u00a0\u00bb. Racine choisit le sujet d&rsquo;<em>Esther<\/em>,\u00a0<\/span><span style=\"font-weight: 400;\">inspir\u00e9e d\u2019un \u00e9pisode biblique, m\u00ealant les vers et la musique. La pi\u00e8ce fut jou\u00e9e en 1689. Le talent des \u00e9l\u00e8ves et le soutien du roi firent un succ\u00e8s \u00e0 la pi\u00e8ce, qui attira toute la cour \u00e0 la maison de Saint-Louis. Ce triomphe fut aussi pour Racine une r\u00e9ussite mondaine: il montrait \u00e0 tous que douze ans de silence sur sc\u00e8ne n&rsquo;avaient pas \u00e9mouss\u00e9 son g\u00e9nie.\u00a0<\/span><\/p>\n<p style=\"text-align: justify;\"><span style=\"font-weight: 400;\">Apr\u00e8s un tel succ\u00e8s, Mme de Maintenon s\u2019empressa de commander une seconde pi\u00e8ce. Racine se surpassa. Il \u00e9crivait cette fois en pensant que, comme pour <em>Esther<\/em>, toute la cour viendrait assister aux repr\u00e9sentation. Au lieu d&rsquo;une courte pi\u00e8ce en trois actes, il opta cette fois pour <\/span><i><span style=\"font-weight: 400;\">Athalie, <\/span><\/i><span style=\"font-weight: 400;\">v\u00e9ritable <\/span><span style=\"font-weight: 400;\">trag\u00e9die, en cinq actes, le plus grand chef d\u2019oeuvre de Racine selon Sainte-Beuve. Mais la pi\u00e8ce, promise d&rsquo;abord\u00a0<\/span><span style=\"font-weight: 400;\">\u00e0 un brillant \u00e9clat comparable \u00e0 celui d\u2019Esther, fut mise sous le boisseau, et ne connut pas les fastes de cour qui entour\u00e8rent la pi\u00e8ce pr\u00e9c\u00e9dente. Mme de Maintenon craignait les exc\u00e8s provoqu\u00e9s par l&rsquo;effervescence th\u00e9\u00e2trale, et la pi\u00e8ce ne fut jou\u00e9e que devant un public restreint, sans costumes.<\/span><\/p>\n<p style=\"text-align: justify;\"><div class=\"menu-sa-vie-container\"><select class=\"mip-drop-nav\"><option value=\"#\">Pour en savoir plus...<\/option><option value=\"https:\/\/jeanracine.org\/cijr\/la-ferte-milon\/\">La Fert\u00e9-Milon<\/option>\n<option value=\"https:\/\/jeanracine.org\/cijr\/lenfance-a-port-royal\/\">Aux Petites Ecoles<\/option>\n<option value=\"https:\/\/jeanracine.org\/cijr\/lintendant-des-luynes\/\">L\u2019intendant des Luynes<\/option>\n<option value=\"https:\/\/jeanracine.org\/cijr\/le-sejour-a-uzes\/\">Le s\u00e9jour \u00e0 Uz\u00e8s<\/option>\n<option value=\"https:\/\/jeanracine.org\/cijr\/l-homme-de-theatre\/\">L&rsquo;homme de th\u00e9\u00e2tre<\/option>\n<option value=\"https:\/\/jeanracine.org\/cijr\/l-historiographe\/\">L&rsquo;historiographe<\/option>\n<option value=\"https:\/\/jeanracine.org\/cijr\/du-cote-de-saint-cyr\/\">Du c\u00f4t\u00e9 de Saint-Cyr<\/option>\n<option value=\"https:\/\/jeanracine.org\/cijr\/les-dernieres-annees\/\">Les derni\u00e8res ann\u00e9es<\/option>\n<option value=\"https:\/\/jeanracine.org\/cijr\/?page_id=1072\">Colloques et JE<\/option>\n<\/select><\/div><\/p>\n","protected":false},"excerpt":{"rendered":"<p>La maison de Saint-Louis, situ\u00e9e sur la commune actuelle de Saint-Cyr L&rsquo;\u00e9cole, tout pr\u00e8s du ch\u00e2teau, \u00e9tait un \u00e9tablissement d&rsquo;exp\u00e9rimentation p\u00e9dagogique imagin\u00e9 par Mme de Maintenon (1635-1719), favorite puis \u00e9pouse du roi. A deux reprises, Mme de Maintenon passa commande au dramaturge, pour qu&rsquo;il compos\u00e2t des pi\u00e8ces susceptibles d&rsquo;\u00eatre jou\u00e9es par les \u00e9l\u00e8ves dans le &hellip; <a href=\"https:\/\/jeanracine.org\/cijr\/du-cote-de-saint-cyr\/\" class=\"more-link\">Continuer la lecture de <span class=\"screen-reader-text\">Du c\u00f4t\u00e9 de Saint-Cyr<\/span>  <span class=\"meta-nav\">&rarr;<\/span><\/a><\/p>\n","protected":false},"author":1,"featured_media":482,"parent":0,"menu_order":0,"comment_status":"closed","ping_status":"closed","template":"","meta":{"spay_email":"","footnotes":""},"categories":[6],"tags":[],"class_list":["post-285","page","type-page","status-publish","has-post-thumbnail","hentry","category-la-vie"],"jetpack_sharing_enabled":true,"_links":{"self":[{"href":"https:\/\/jeanracine.org\/cijr\/wp-json\/wp\/v2\/pages\/285","targetHints":{"allow":["GET"]}}],"collection":[{"href":"https:\/\/jeanracine.org\/cijr\/wp-json\/wp\/v2\/pages"}],"about":[{"href":"https:\/\/jeanracine.org\/cijr\/wp-json\/wp\/v2\/types\/page"}],"author":[{"embeddable":true,"href":"https:\/\/jeanracine.org\/cijr\/wp-json\/wp\/v2\/users\/1"}],"replies":[{"embeddable":true,"href":"https:\/\/jeanracine.org\/cijr\/wp-json\/wp\/v2\/comments?post=285"}],"version-history":[{"count":6,"href":"https:\/\/jeanracine.org\/cijr\/wp-json\/wp\/v2\/pages\/285\/revisions"}],"predecessor-version":[{"id":761,"href":"https:\/\/jeanracine.org\/cijr\/wp-json\/wp\/v2\/pages\/285\/revisions\/761"}],"wp:featuredmedia":[{"embeddable":true,"href":"https:\/\/jeanracine.org\/cijr\/wp-json\/wp\/v2\/media\/482"}],"wp:attachment":[{"href":"https:\/\/jeanracine.org\/cijr\/wp-json\/wp\/v2\/media?parent=285"}],"wp:term":[{"taxonomy":"category","embeddable":true,"href":"https:\/\/jeanracine.org\/cijr\/wp-json\/wp\/v2\/categories?post=285"},{"taxonomy":"post_tag","embeddable":true,"href":"https:\/\/jeanracine.org\/cijr\/wp-json\/wp\/v2\/tags?post=285"}],"curies":[{"name":"wp","href":"https:\/\/api.w.org\/{rel}","templated":true}]}}