{"id":295,"date":"2021-01-30T16:39:58","date_gmt":"2021-01-30T15:39:58","guid":{"rendered":"http:\/\/jeanracine.org\/cijr\/?page_id=295"},"modified":"2022-02-07T09:28:19","modified_gmt":"2022-02-07T08:28:19","slug":"accueil","status":"publish","type":"page","link":"https:\/\/jeanracine.org\/cijr\/","title":{"rendered":"Centre International Jean Racine"},"content":{"rendered":"<p style=\"text-align: justify;\">Le Centre International Jean Racine (association loi de 1901) propose:<\/p>\n<p style=\"text-align: justify;\"><b>des ressources destin\u00e9es \u00e0 celles et ceux qu&rsquo;int\u00e9ressent la vie, l&rsquo;\u0153uvre et l&rsquo;\u00e9poque de Jean Racine: <\/b>\u00e9l\u00e9ments biographiques, \u00e9ditions comment\u00e9es de son \u0153uvre, explications de texte, vid\u00e9os, actualit\u00e9s de la recherche et des spectacles, etc.<\/p>\n<p style=\"text-align: justify;\"><strong>un espace de partage et d&rsquo;\u00e9change<\/strong> destin\u00e9 aux amoureuses et aux amoureux de Racine: que vous soyez lyc\u00e9en(ne), \u00e9tudiant(e), spectateur\/spectatrice, lecteur\/lectrice, com\u00e9dien(ne), \u00e9crivain(ne), cr\u00e9ateur\/cr\u00e9atrice, universitaire, ou tout simplement curieux\/curieuse de d\u00e9couvrir ce dramaturge, n&rsquo;h\u00e9sitez pas \u00e0 nous rejoindre, et \u00e0 nous suivre sur les r\u00e9seaux sociaux:<\/p>\n<p><a href=\"https:\/\/www.facebook.com\/ci.jeanracine\"><img loading=\"lazy\" decoding=\"async\" class=\"alignnone wp-image-390\" src=\"http:\/\/jeanracine.org\/cijr\/wp-content\/uploads\/2021\/02\/unnamed-300x300.png\" alt=\"\" width=\"42\" height=\"42\" srcset=\"https:\/\/jeanracine.org\/cijr\/wp-content\/uploads\/2021\/02\/unnamed-300x300.png 300w, https:\/\/jeanracine.org\/cijr\/wp-content\/uploads\/2021\/02\/unnamed-150x150.png 150w, https:\/\/jeanracine.org\/cijr\/wp-content\/uploads\/2021\/02\/unnamed.png 512w\" sizes=\"auto, (max-width: 42px) 100vw, 42px\" \/><\/a> <a href=\"https:\/\/www.youtube.com\/channel\/UCdtxiVHaD8knzsoWMm7QbUw\"><img loading=\"lazy\" decoding=\"async\" class=\"\" src=\"https:\/\/upload.wikimedia.org\/wikipedia\/fr\/thumb\/c\/c8\/Twitter_Bird.svg\/1200px-Twitter_Bird.svg.png\" alt=\"Twitter \u2014 Wikip\u00e9dia\" width=\"40\" height=\"32\" \/>\u00a0 \u00a0<img loading=\"lazy\" decoding=\"async\" class=\"alignnone wp-image-398\" src=\"http:\/\/jeanracine.org\/cijr\/wp-content\/uploads\/2021\/02\/telecharge-1.png\" alt=\"\" width=\"44\" height=\"31\" \/><\/a><\/p>\n<p>Le site web est encore en construction. Retrouvez <a href=\"http:\/\/jeanracine.org\/cijr\/activites-du-centre\/\">sur cette page<\/a> le d\u00e9tail des <strong>activit\u00e9s du Centre<\/strong><\/p>\n","protected":false},"excerpt":{"rendered":"<p>Le Centre International Jean Racine (association loi de 1901) propose: des ressources destin\u00e9es \u00e0 celles et ceux qu&rsquo;int\u00e9ressent la vie, l&rsquo;\u0153uvre et l&rsquo;\u00e9poque de Jean Racine: \u00e9l\u00e9ments biographiques, \u00e9ditions comment\u00e9es de son \u0153uvre, explications de texte, vid\u00e9os, actualit\u00e9s de la recherche et des spectacles, etc. un espace de partage et d&rsquo;\u00e9change destin\u00e9 aux amoureuses et &hellip; <a href=\"https:\/\/jeanracine.org\/cijr\/\" class=\"more-link\">Continuer la lecture de <span class=\"screen-reader-text\">Centre International Jean Racine<\/span>  <span class=\"meta-nav\">&rarr;<\/span><\/a><\/p>\n","protected":false},"author":1,"featured_media":355,"parent":0,"menu_order":0,"comment_status":"closed","ping_status":"closed","template":"","meta":{"spay_email":"","footnotes":""},"categories":[3],"tags":[],"class_list":["post-295","page","type-page","status-publish","has-post-thumbnail","hentry","category-lassociation"],"jetpack_sharing_enabled":true,"_links":{"self":[{"href":"https:\/\/jeanracine.org\/cijr\/wp-json\/wp\/v2\/pages\/295","targetHints":{"allow":["GET"]}}],"collection":[{"href":"https:\/\/jeanracine.org\/cijr\/wp-json\/wp\/v2\/pages"}],"about":[{"href":"https:\/\/jeanracine.org\/cijr\/wp-json\/wp\/v2\/types\/page"}],"author":[{"embeddable":true,"href":"https:\/\/jeanracine.org\/cijr\/wp-json\/wp\/v2\/users\/1"}],"replies":[{"embeddable":true,"href":"https:\/\/jeanracine.org\/cijr\/wp-json\/wp\/v2\/comments?post=295"}],"version-history":[{"count":32,"href":"https:\/\/jeanracine.org\/cijr\/wp-json\/wp\/v2\/pages\/295\/revisions"}],"predecessor-version":[{"id":907,"href":"https:\/\/jeanracine.org\/cijr\/wp-json\/wp\/v2\/pages\/295\/revisions\/907"}],"wp:featuredmedia":[{"embeddable":true,"href":"https:\/\/jeanracine.org\/cijr\/wp-json\/wp\/v2\/media\/355"}],"wp:attachment":[{"href":"https:\/\/jeanracine.org\/cijr\/wp-json\/wp\/v2\/media?parent=295"}],"wp:term":[{"taxonomy":"category","embeddable":true,"href":"https:\/\/jeanracine.org\/cijr\/wp-json\/wp\/v2\/categories?post=295"},{"taxonomy":"post_tag","embeddable":true,"href":"https:\/\/jeanracine.org\/cijr\/wp-json\/wp\/v2\/tags?post=295"}],"curies":[{"name":"wp","href":"https:\/\/api.w.org\/{rel}","templated":true}]}}