{"id":384,"date":"2021-02-02T22:11:04","date_gmt":"2021-02-02T21:11:04","guid":{"rendered":"http:\/\/jeanracine.org\/cijr\/?page_id=384"},"modified":"2025-11-20T10:06:59","modified_gmt":"2025-11-20T09:06:59","slug":"adhesion","status":"publish","type":"page","link":"https:\/\/jeanracine.org\/cijr\/adhesion\/","title":{"rendered":"Adh\u00e9sion"},"content":{"rendered":"<p style=\"text-align: justify;\">Si vous souhaitez soutenir l&rsquo;Association, et contribuer activement au rayonnement de l&rsquo;\u0153uvre de Jean Racine, vous pouvez adh\u00e9rer au Centre.<\/p>\n<p style=\"text-align: justify;\"><strong>Type d\u2019adh\u00e9sion<\/strong><\/p>\n<ul>\n<li style=\"text-align: justify;\">Adh\u00e9sion normale:\u00a0 25 \u20ac<\/li>\n<li style=\"text-align: justify;\">Adh\u00e9sion \u00e9tudiante \/ demandeur.euse d\u2019emploi (joindre un justificatif) : 10 \u20ac<\/li>\n<\/ul>\n<p style=\"text-align: justify;\"><strong>Modes de r\u00e8glement: <\/strong>en ligne, par virement bancaire ou par ch\u00e8que<\/p>\n<table style=\"border-collapse: collapse; width: 100%; height: 534px;\">\n<tbody>\n<tr style=\"border-style: solid; border-color: #000000;\">\n<td style=\"width: 100%; border-style: solid; border-color: #000000; height: 153px;\">\n<h5><strong>en ligne\u00a0<\/strong><\/h5>\n<p><a href=\"https:\/\/centre-international-jean-racine.s2.yapla.com\/fr\/adh-sion-cijr-2026-19640\">https:\/\/centre-international-jean-racine.s2.yapla.com\/fr\/adh-sion-cijr-2026-19640<\/a><\/p>\n<p>(Remarque importante: <span style=\"text-decoration: underline;\"><strong>vous n&rsquo;\u00eates pas tenu.e de payer<\/strong> <\/span>la cotisation volontaire \u00e0 Yapla propos\u00e9e par d\u00e9faut lors du processus d&rsquo;adh\u00e9sion!)<\/p>\n<\/td>\n<\/tr>\n<tr style=\"border-style: solid; border-color: #000000;\">\n<td style=\"width: 100%; height: 149px;\">\n<h5><strong>par virement bancaire<\/strong><\/h5>\n<p>en Euros au compte du Cr\u00e9dit Agricole (frais \u00e0 la charge du donneur d\u2019ordre) :<br \/>\nIBAN : FR76 1940 6370 3767 1917 4177 081<br \/>\nBIC : AGRIFRPP894<\/p>\n<\/td>\n<\/tr>\n<tr style=\"border-style: solid; border-color: #000000;\">\n<td style=\"width: 100%; height: 232px;\">\n<h5><strong>par ch\u00e8que<\/strong><\/h5>\n<p style=\"text-align: justify;\">Le cas \u00e9ch\u00e9ant, merci de <a href=\"http:\/\/jeanracine.org\/cijr\/wp-content\/uploads\/2022\/03\/CIJR_bulletin-dadhesion-2022.pdf\"><strong>retourner ce bulletin<\/strong><\/a><strong>\u00a0<\/strong>accompagn\u00e9 de votre ch\u00e8que, libell\u00e9 \u00e0 l\u2019ordre du CENTRE INTERNATIONAL JEAN RACINE, \u00e0 l\u2019adresse suivante :<\/p>\n<p style=\"padding-left: 40px;\">Monsieur J\u00e9r\u00f4me Lecompte<br \/>\nTr\u00e9sorier du Centre International Jean Racine<br \/>\n15, rue Diderot<br \/>\n37000 Tours &#8211; France<\/p>\n<\/td>\n<\/tr>\n<\/tbody>\n<\/table>\n<p>Un re\u00e7u fiscal peut vous \u00eatre adress\u00e9 sur simple demande :<br \/>\n<a href=\"jerome.lecompte@jeanracine.org\">jerome.lecompte@jeanracine.org<\/a><\/p>\n","protected":false},"excerpt":{"rendered":"<p>Si vous souhaitez soutenir l&rsquo;Association, et contribuer activement au rayonnement de l&rsquo;\u0153uvre de Jean Racine, vous pouvez adh\u00e9rer au Centre. Type d\u2019adh\u00e9sion Adh\u00e9sion normale:\u00a0 25 \u20ac Adh\u00e9sion \u00e9tudiante \/ demandeur.euse d\u2019emploi (joindre un justificatif) : 10 \u20ac Modes de r\u00e8glement: en ligne, par virement bancaire ou par ch\u00e8que en ligne\u00a0 https:\/\/centre-international-jean-racine.s2.yapla.com\/fr\/adh-sion-cijr-2026-19640 (Remarque importante: vous n&rsquo;\u00eates &hellip; <a href=\"https:\/\/jeanracine.org\/cijr\/adhesion\/\" class=\"more-link\">Continuer la lecture de <span class=\"screen-reader-text\">Adh\u00e9sion<\/span>  <span class=\"meta-nav\">&rarr;<\/span><\/a><\/p>\n","protected":false},"author":1,"featured_media":0,"parent":0,"menu_order":0,"comment_status":"closed","ping_status":"closed","template":"","meta":{"spay_email":"","footnotes":""},"categories":[3],"tags":[],"class_list":["post-384","page","type-page","status-publish","hentry","category-lassociation"],"jetpack_sharing_enabled":true,"_links":{"self":[{"href":"https:\/\/jeanracine.org\/cijr\/wp-json\/wp\/v2\/pages\/384","targetHints":{"allow":["GET"]}}],"collection":[{"href":"https:\/\/jeanracine.org\/cijr\/wp-json\/wp\/v2\/pages"}],"about":[{"href":"https:\/\/jeanracine.org\/cijr\/wp-json\/wp\/v2\/types\/page"}],"author":[{"embeddable":true,"href":"https:\/\/jeanracine.org\/cijr\/wp-json\/wp\/v2\/users\/1"}],"replies":[{"embeddable":true,"href":"https:\/\/jeanracine.org\/cijr\/wp-json\/wp\/v2\/comments?post=384"}],"version-history":[{"count":18,"href":"https:\/\/jeanracine.org\/cijr\/wp-json\/wp\/v2\/pages\/384\/revisions"}],"predecessor-version":[{"id":1028,"href":"https:\/\/jeanracine.org\/cijr\/wp-json\/wp\/v2\/pages\/384\/revisions\/1028"}],"wp:attachment":[{"href":"https:\/\/jeanracine.org\/cijr\/wp-json\/wp\/v2\/media?parent=384"}],"wp:term":[{"taxonomy":"category","embeddable":true,"href":"https:\/\/jeanracine.org\/cijr\/wp-json\/wp\/v2\/categories?post=384"},{"taxonomy":"post_tag","embeddable":true,"href":"https:\/\/jeanracine.org\/cijr\/wp-json\/wp\/v2\/tags?post=384"}],"curies":[{"name":"wp","href":"https:\/\/api.w.org\/{rel}","templated":true}]}}