{"id":471,"date":"2021-02-04T22:55:00","date_gmt":"2021-02-04T21:55:00","guid":{"rendered":"http:\/\/jeanracine.org\/cijr\/?page_id=471"},"modified":"2021-05-06T15:35:21","modified_gmt":"2021-05-06T13:35:21","slug":"les-dernieres-annees","status":"publish","type":"page","link":"https:\/\/jeanracine.org\/cijr\/les-dernieres-annees\/","title":{"rendered":"Les derni\u00e8res ann\u00e9es"},"content":{"rendered":"<p style=\"text-align: justify;\"><span style=\"font-weight: 400;\">Apr\u00e8s le semi-\u00e9chec de son retour au th\u00e9\u00e2tre, Racine resta le courtisan respectueux \u00e9cartel\u00e9 entre la faveur du roi et la fid\u00e9lit\u00e9 \u00e0 Port-Royal. <\/span><span style=\"font-weight: 400;\">Il publia de la po\u00e9sie religieuse non dramatique, d\u2019abord en 1689 une traduction d\u2019hymnes de l&rsquo;\u00e9glise, compos\u00e9s dans sa jeunesse et qu\u2019il remania ; et des <\/span><i><span style=\"font-weight: 400;\">Cantiques spirituels<\/span><\/i><span style=\"font-weight: 400;\">, en 1694, \u00e0 la demande de Mme de Maintenon. Certaines pages refl\u00e8tent peut-\u00eatre sa propre dualit\u00e9, l\u2019\u00e9cart\u00e8lement d\u2019un po\u00e8te qui concilie tant bien que mal ses deux fid\u00e9lit\u00e9s :<\/span><\/p>\n<blockquote><p>Mon Dieu, quelle guerre cruelle !<br \/>\nJe trouve deux hommes en moi :<br \/>\nL&rsquo;un veut que plein d&rsquo;amour pour toi<br \/>\nMon coeur te soit toujours fid\u00e8le.<br \/>\nL&rsquo;autre \u00e0 tes volont\u00e9s rebelle<br \/>\nMe r\u00e9volte contre ta loi\u2026<\/p><\/blockquote>\n<p style=\"text-align: justify;\"><span style=\"font-weight: 400;\">Courtisan respectueux, il sert la cause de ses amis : il assiste en 1694 aux obs\u00e8ques d\u2019Antoine Arnauld, et, \u00e0 la fin de sa vie,\u00a0 il r\u00e9dige en secret <\/span><span style=\"font-weight: 400;\">un <\/span><i><span style=\"font-weight: 400;\">Abr\u00e9g\u00e9 de l\u2019histoire de Port-Royal<\/span><\/i><span style=\"font-weight: 400;\">, inachev\u00e9, qui \u00e9voque en particulier le temps des pers\u00e9cutions des ann\u00e9es 1660. Ce texte \u00e9crit clandestinement est tout entier con\u00e7u comme un vibrant hommage \u00e0 l\u2019abbaye<\/span><span style=\"font-weight: 400;\">. Cette loyaut\u00e9 de Racine, plus ou moins secr\u00e8te, finit-elle par para\u00eetre suspecte aux yeux de ses royaux bienfaiteurs ? Racine ne manquait pas d\u2019ennemis, et, apparemment, quelque officieux adversaire d\u00e9non\u00e7a \u00e0 Mme de Maintenon la persistance de liens avec une abbaye qui souffrait toujours davantage les pers\u00e9cutions. Il en fut apparemment inform\u00e9 lors d\u2019un s\u00e9jour \u00e0 Marly, c\u2019est-\u00e0-dire entour\u00e9 des plus intimes amis du roi. Il d\u00e9cida de s\u2019en d\u00e9fendre. Il pr\u00e9para une lettre de justification o\u00f9 il proclamait son all\u00e9geance au roi, o\u00f9 il affichait son orthodoxie, o\u00f9 il minimisait ses liens avec ce qui restait de Port-Royal, et o\u00f9 \u00e9clatait surtout une terreur extr\u00eame \u00e0 la pens\u00e9e d\u2019une possible disgr\u00e2ce. On a conserv\u00e9 cette lettre, qui resta apparemment \u00e0 l\u2019\u00e9tat de brouillon et ne fut pas envoy\u00e9e. <\/span><span style=\"font-weight: 400;\">Il ne semble pas que cette d\u00e9lation ait eu de quelconques cons\u00e9quences sur la faveur dont il continua \u00e0 jouir jusqu\u2019\u00e0 sa mort en avril 1699. <\/span><span style=\"font-weight: 400;\">Derni\u00e8re marque de sa loyaut\u00e9, il fut inhum\u00e9 \u00e0 Port-Royal des Champs, au pied de la tombe de M. Hamon, m\u00e9decin, qui fut son ma\u00eetre. Ses cendres furent transf\u00e9r\u00e9es avant la destruction du monast\u00e8re, \u00e0 Saint-Etienne du Mont, en 1711.<\/span><\/p>\n","protected":false},"excerpt":{"rendered":"<p>Apr\u00e8s le semi-\u00e9chec de son retour au th\u00e9\u00e2tre, Racine resta le courtisan respectueux \u00e9cartel\u00e9 entre la faveur du roi et la fid\u00e9lit\u00e9 \u00e0 Port-Royal. Il publia de la po\u00e9sie religieuse non dramatique, d\u2019abord en 1689 une traduction d\u2019hymnes de l&rsquo;\u00e9glise, compos\u00e9s dans sa jeunesse et qu\u2019il remania ; et des Cantiques spirituels, en 1694, \u00e0 &hellip; <a href=\"https:\/\/jeanracine.org\/cijr\/les-dernieres-annees\/\" class=\"more-link\">Continuer la lecture de <span class=\"screen-reader-text\">Les derni\u00e8res ann\u00e9es<\/span>  <span class=\"meta-nav\">&rarr;<\/span><\/a><\/p>\n","protected":false},"author":1,"featured_media":0,"parent":0,"menu_order":0,"comment_status":"closed","ping_status":"closed","template":"","meta":{"spay_email":"","footnotes":""},"categories":[6],"tags":[],"class_list":["post-471","page","type-page","status-publish","hentry","category-la-vie"],"jetpack_sharing_enabled":true,"_links":{"self":[{"href":"https:\/\/jeanracine.org\/cijr\/wp-json\/wp\/v2\/pages\/471","targetHints":{"allow":["GET"]}}],"collection":[{"href":"https:\/\/jeanracine.org\/cijr\/wp-json\/wp\/v2\/pages"}],"about":[{"href":"https:\/\/jeanracine.org\/cijr\/wp-json\/wp\/v2\/types\/page"}],"author":[{"embeddable":true,"href":"https:\/\/jeanracine.org\/cijr\/wp-json\/wp\/v2\/users\/1"}],"replies":[{"embeddable":true,"href":"https:\/\/jeanracine.org\/cijr\/wp-json\/wp\/v2\/comments?post=471"}],"version-history":[{"count":4,"href":"https:\/\/jeanracine.org\/cijr\/wp-json\/wp\/v2\/pages\/471\/revisions"}],"predecessor-version":[{"id":762,"href":"https:\/\/jeanracine.org\/cijr\/wp-json\/wp\/v2\/pages\/471\/revisions\/762"}],"wp:attachment":[{"href":"https:\/\/jeanracine.org\/cijr\/wp-json\/wp\/v2\/media?parent=471"}],"wp:term":[{"taxonomy":"category","embeddable":true,"href":"https:\/\/jeanracine.org\/cijr\/wp-json\/wp\/v2\/categories?post=471"},{"taxonomy":"post_tag","embeddable":true,"href":"https:\/\/jeanracine.org\/cijr\/wp-json\/wp\/v2\/tags?post=471"}],"curies":[{"name":"wp","href":"https:\/\/api.w.org\/{rel}","templated":true}]}}