{"id":887,"date":"2022-01-30T18:01:12","date_gmt":"2022-01-30T17:01:12","guid":{"rendered":"https:\/\/jeanracine.org\/cijr\/?page_id=887"},"modified":"2022-04-01T16:25:57","modified_gmt":"2022-04-01T14:25:57","slug":"activites-du-centre","status":"publish","type":"page","link":"https:\/\/jeanracine.org\/cijr\/activites-du-centre\/","title":{"rendered":"Activit\u00e9s du centre"},"content":{"rendered":"<p><strong>Activit\u00e9s soutenues ou organis\u00e9es par le Centre International Jean Racine en 2021:<\/strong><\/p>\n<ul>\n<li style=\"font-weight: 400; text-align: justify;\" aria-level=\"2\"><b>10 mai 2021<\/b><span style=\"font-weight: 400;\">, pr\u00e9sentation du dernier ouvrage de <\/span><b>Jean Rohou<\/b><span style=\"font-weight: 400;\"> (<\/span><i><span style=\"font-weight: 400;\">Racine en douze questions<\/span><\/i><span style=\"font-weight: 400;\">, PUR, 2020). Lien de la vid\u00e9o : <a href=\"https:\/\/jeanracine.org\/cijr\/2021\/05\/18\/rencontre-avec-jean-rohou-a-retrouver-sur-youtube\/\"><strong>https:\/\/jeanracine.org\/cijr\/2021\/05\/18\/rencontre-avec-jean-rohou-a-retrouver-sur-youtube\/<\/strong><\/a>\n<p><\/span><\/li>\n<li style=\"font-weight: 400; text-align: justify;\" aria-level=\"2\"><b>25 mai 2021<\/b><span style=\"font-weight: 400;\">, conf\u00e9rence de Victoire Malenfer dans le cadre du <\/span><i><span style=\"font-weight: 400;\">S\u00e9minaire XVII<\/span><\/i><span style=\"font-weight: 400;\"> (\u00ab\u00a0La d\u00e9monologie augustinienne dans les trag\u00e9dies de Racine : l\u2019exemple de <\/span><i><span style=\"font-weight: 400;\">La Th\u00e9ba\u00efde<\/span><\/i><span style=\"font-weight: 400;\"> \u00bb) <strong>:<a href=\"https:\/\/seminaire17.hypotheses.org\/46\">https:\/\/seminaire17.hypotheses.org\/46<\/a>\n<p><\/strong><\/span><\/li>\n<li style=\"font-weight: 400; text-align: justify;\" aria-level=\"2\"><b>Juin 2021<\/b><span style=\"font-weight: 400;\">, entretien sur zoom de Stanislas Nordey, incarnant le personnage de Mithridate dans la mise en sc\u00e8ne d\u2019Eric Vign\u00e9, capt\u00e9 et diffus\u00e9 sur TV5 lors du premier confinement et en tourn\u00e9e depuis. <strong><a href=\"https:\/\/jeanracine.org\/cijr\/2022\/01\/30\/entretien-stanislas-nordey-sentretient-avec-servane-lhopital-pour-le-cijr\/\">https:\/\/jeanracine.org\/cijr\/2022\/01\/30\/entretien-stanislas-nordey-sentretient-avec-servane-lhopital-pour-le-cijr\/<\/a>\n<p><\/strong><\/span><\/li>\n<li style=\"font-weight: 400; text-align: justify;\" aria-level=\"2\"><b>29 septembre 2021<\/b><span style=\"font-weight: 400;\">, journ\u00e9e d\u2019\u00e9tude \u00ab Dire Racine \u00bb, organis\u00e9e \u00e0 Louis-Le-Grand, autour de la diction racinienne. Interventions de Hubert Aupetit, Julia Gros de Gasquet, Claire Fourquet-Gracieux, Eric Ruf, Servane L\u2019Hopital, Anne Delb\u00e9e, Jean-Claude Milner, Benjamin Lazar, Laurence Plazenet, Brigitte Jacques, Fran\u00e7ois Regnault, Caroline Labrune, Dany Porch\u00e9, H\u00e9l\u00e8ne Th\u00e9rin, Tony Gheeraert. Lien de la vid\u00e9o : <strong><a href=\"https:\/\/jeanracine.org\/cijr\/2021\/11\/30\/dire-racine-journee-desormais-en-ligne\/\">https:\/\/jeanracine.org\/cijr\/2021\/11\/30\/dire-racine-journee-desormais-en-ligne\/<\/a><\/strong>\n<p><\/span><\/li>\n<li style=\"font-weight: 400; text-align: justify;\" aria-level=\"2\"><b>5 novembre 2021<\/b><span style=\"font-weight: 400;\">, journ\u00e9e d\u2019\u00e9tudes \u00ab Le cam\u00e9l\u00e9on dans la toile. Perspectives raciniennes \u00e0 l\u2019\u00e8re du num\u00e9rique \u00bb, organis\u00e9e \u00e0 la Maison Fran\u00e7aise d\u2019Oxford, autour des possibilit\u00e9s de recherche offertes par le digital. Interventions de Giuseppe Pezzini, J\u00e9r\u00f4me Lecompte, Rudolf Mahrer, Lise Michel, Tristan Alonge, Nicholas Cronk et Glenn Roe.\n<p><\/span><\/li>\n<li aria-level=\"2\"><strong>D\u00e9cembre 2021<\/strong>, <span style=\"font-weight: 400;\">Labrune, Caroline, L&rsquo;Hopital, Servane, Malenfer, Victoire et Gheeraert, Tony (dir.), <\/span><i><span style=\"font-weight: 400;\">B\u00e9r\u00e9nice, trois-cent cinquante ans apr\u00e8s<\/span><\/i><span style=\"font-weight: 400;\">, <em>Etudes Epist\u00e9m\u00e8<\/em>, 40, 2021,\u00a0 en ligne:\u00a0 <strong><a href=\"https:\/\/journals.openedition.org\/episteme\/12954\">https:\/\/journals.openedition.org\/episteme\/12954<\/a><br \/>\n<\/strong>Les vid\u00e9os restent disponibles sur le site ami de la Soci\u00e9t\u00e9 des Amis de Port-Royal: <a href=\"https:\/\/youtu.be\/_KH7UeMSxWU\"><strong>https:\/\/youtu.be\/_KH7UeMSxWU<\/strong><\/a><\/p>\n<p><\/span><\/li>\n<li style=\"font-weight: 400; text-align: justify;\" aria-level=\"2\"><b>17 d\u00e9cembre 2021<\/b>, entretien avec L\u00e9na Paugam, metteuse en sc\u00e8ne et com\u00e9dienne, en marge de sa mise en sc\u00e8ne d\u2019<i>Andromaque<\/i> au Centre National Dramatique de Rouen. Lien de la vid\u00e9o\u00a0: <strong><a href=\"https:\/\/jeanracine.org\/cijr\/2022\/01\/07\/autour-dandromaque-entretien-a-retrouver-en-ligne\/\">https:\/\/jeanracine.org\/cijr\/2022\/01\/07\/autour-dandromaque-entretien-a-retrouver-en-ligne\/<\/a><\/strong>.<\/li>\n<\/ul>\n<p><strong>Rendez-vous en 2022<\/strong><\/p>\n<ul>\n<li style=\"font-weight: 400;\" aria-level=\"1\"><b>23-25 novembre 2022<\/b><span style=\"font-weight: 400;\">, Colloque \u00ab\u00a0Racine 1672\u00a0\u00bb, organis\u00e9 \u00e0 Rouen par Tony Gheeraert, Caroline Labrune, Servane L\u2019Hopital et Victoire Malenfer.<\/span><\/li>\n<\/ul>\n","protected":false},"excerpt":{"rendered":"<p>Activit\u00e9s soutenues ou organis\u00e9es par le Centre International Jean Racine en 2021: 10 mai 2021, pr\u00e9sentation du dernier ouvrage de Jean Rohou (Racine en douze questions, PUR, 2020). Lien de la vid\u00e9o : https:\/\/jeanracine.org\/cijr\/2021\/05\/18\/rencontre-avec-jean-rohou-a-retrouver-sur-youtube\/ 25 mai 2021, conf\u00e9rence de Victoire Malenfer dans le cadre du S\u00e9minaire XVII (\u00ab\u00a0La d\u00e9monologie augustinienne dans les trag\u00e9dies de Racine &hellip; <a href=\"https:\/\/jeanracine.org\/cijr\/activites-du-centre\/\" class=\"more-link\">Continuer la lecture de <span class=\"screen-reader-text\">Activit\u00e9s du centre<\/span>  <span class=\"meta-nav\">&rarr;<\/span><\/a><\/p>\n","protected":false},"author":1,"featured_media":0,"parent":0,"menu_order":0,"comment_status":"closed","ping_status":"closed","template":"","meta":{"spay_email":"","footnotes":""},"categories":[3],"tags":[],"class_list":["post-887","page","type-page","status-publish","hentry","category-lassociation"],"jetpack_sharing_enabled":true,"_links":{"self":[{"href":"https:\/\/jeanracine.org\/cijr\/wp-json\/wp\/v2\/pages\/887","targetHints":{"allow":["GET"]}}],"collection":[{"href":"https:\/\/jeanracine.org\/cijr\/wp-json\/wp\/v2\/pages"}],"about":[{"href":"https:\/\/jeanracine.org\/cijr\/wp-json\/wp\/v2\/types\/page"}],"author":[{"embeddable":true,"href":"https:\/\/jeanracine.org\/cijr\/wp-json\/wp\/v2\/users\/1"}],"replies":[{"embeddable":true,"href":"https:\/\/jeanracine.org\/cijr\/wp-json\/wp\/v2\/comments?post=887"}],"version-history":[{"count":6,"href":"https:\/\/jeanracine.org\/cijr\/wp-json\/wp\/v2\/pages\/887\/revisions"}],"predecessor-version":[{"id":936,"href":"https:\/\/jeanracine.org\/cijr\/wp-json\/wp\/v2\/pages\/887\/revisions\/936"}],"wp:attachment":[{"href":"https:\/\/jeanracine.org\/cijr\/wp-json\/wp\/v2\/media?parent=887"}],"wp:term":[{"taxonomy":"category","embeddable":true,"href":"https:\/\/jeanracine.org\/cijr\/wp-json\/wp\/v2\/categories?post=887"},{"taxonomy":"post_tag","embeddable":true,"href":"https:\/\/jeanracine.org\/cijr\/wp-json\/wp\/v2\/tags?post=887"}],"curies":[{"name":"wp","href":"https:\/\/api.w.org\/{rel}","templated":true}]}}