{"id":903,"date":"2022-01-30T18:16:35","date_gmt":"2022-01-30T17:16:35","guid":{"rendered":"https:\/\/jeanracine.org\/cijr\/?page_id=903"},"modified":"2025-11-20T10:14:23","modified_gmt":"2025-11-20T09:14:23","slug":"organigramme","status":"publish","type":"page","link":"https:\/\/jeanracine.org\/cijr\/organigramme\/","title":{"rendered":"Organigramme"},"content":{"rendered":"<p><strong>Organigramme<\/strong><\/p>\n<ul>\n<li style=\"font-weight: 400; text-align: justify;\" aria-level=\"1\"><strong>Comit\u00e9 de parrainage<\/strong><span style=\"font-weight: 400;\"><strong>\u00a0<\/strong>: Marcel Bozonnet, John Campbell, Christian Delmas, Buford Norman, Jean Rohou, Pierre Ronzeaud, Ronald Tobin.<\/span><\/li>\n<\/ul>\n<ul>\n<li style=\"font-weight: 400; text-align: justify;\" aria-level=\"1\"><strong>Conseil d\u2019Administration<\/strong><span style=\"font-weight: 400;\"> : Tristan Alonge, Hubert Aupetit, Carine Barbafieri, Clarisse Chabernaud, Sabine Chaouche, Franck Colotte, Jean De Guardia, Gilles Declercq, Georges Forestier (d.), Alain G\u00e9netiot, Tony Gheeraert, Jean-Philippe Grosperrin, Sylvaine Guyot, J\u00e9r\u00f4me Lecompte, Servane L&rsquo;Hopital, B\u00e9n\u00e9dicte Louvat, Lise Michel, Larry Norman, Liliane Picciola, Anne Pi\u00e9jus, Laurence Plazenet, Jean-Luc Robin, Mich\u00e8le Rosellini, Volker Schr\u00f6der, Jennifer Tamas, Tomoki Tomotani, Alain Viala (d.), Jean-Yves Vialleton, Rainer Zaiser. Ainsi que comme invit\u00e9s permanents au Conseil d\u2019Administration Nathalie Azoulai, Sterenn Guirriec, Daniel Mesguich.<\/span><\/li>\n<\/ul>\n<ul>\n<li style=\"font-weight: 400; text-align: justify;\" aria-level=\"1\"><strong>Bureau<\/strong><span style=\"font-weight: 400;\"><strong>\u00a0<\/strong>: Gilles Declercq (pr\u00e9sident), Tristan Alonge (vice-pr\u00e9sident), Servane L\u2019Hopital (secr\u00e9taire adjointe), J\u00e9r\u00f4me Lecompte (tr\u00e9sorier).<\/span><\/li>\n<\/ul>\n","protected":false},"excerpt":{"rendered":"<p>Organigramme Comit\u00e9 de parrainage\u00a0: Marcel Bozonnet, John Campbell, Christian Delmas, Buford Norman, Jean Rohou, Pierre Ronzeaud, Ronald Tobin. Conseil d\u2019Administration : Tristan Alonge, Hubert Aupetit, Carine Barbafieri, Clarisse Chabernaud, Sabine Chaouche, Franck Colotte, Jean De Guardia, Gilles Declercq, Georges Forestier (d.), Alain G\u00e9netiot, Tony Gheeraert, Jean-Philippe Grosperrin, Sylvaine Guyot, J\u00e9r\u00f4me Lecompte, Servane L&rsquo;Hopital, B\u00e9n\u00e9dicte Louvat, &hellip; <a href=\"https:\/\/jeanracine.org\/cijr\/organigramme\/\" class=\"more-link\">Continuer la lecture de <span class=\"screen-reader-text\">Organigramme<\/span>  <span class=\"meta-nav\">&rarr;<\/span><\/a><\/p>\n","protected":false},"author":1,"featured_media":0,"parent":0,"menu_order":0,"comment_status":"closed","ping_status":"closed","template":"","meta":{"spay_email":"","footnotes":""},"categories":[3],"tags":[],"class_list":["post-903","page","type-page","status-publish","hentry","category-lassociation"],"jetpack_sharing_enabled":true,"_links":{"self":[{"href":"https:\/\/jeanracine.org\/cijr\/wp-json\/wp\/v2\/pages\/903","targetHints":{"allow":["GET"]}}],"collection":[{"href":"https:\/\/jeanracine.org\/cijr\/wp-json\/wp\/v2\/pages"}],"about":[{"href":"https:\/\/jeanracine.org\/cijr\/wp-json\/wp\/v2\/types\/page"}],"author":[{"embeddable":true,"href":"https:\/\/jeanracine.org\/cijr\/wp-json\/wp\/v2\/users\/1"}],"replies":[{"embeddable":true,"href":"https:\/\/jeanracine.org\/cijr\/wp-json\/wp\/v2\/comments?post=903"}],"version-history":[{"count":5,"href":"https:\/\/jeanracine.org\/cijr\/wp-json\/wp\/v2\/pages\/903\/revisions"}],"predecessor-version":[{"id":1030,"href":"https:\/\/jeanracine.org\/cijr\/wp-json\/wp\/v2\/pages\/903\/revisions\/1030"}],"wp:attachment":[{"href":"https:\/\/jeanracine.org\/cijr\/wp-json\/wp\/v2\/media?parent=903"}],"wp:term":[{"taxonomy":"category","embeddable":true,"href":"https:\/\/jeanracine.org\/cijr\/wp-json\/wp\/v2\/categories?post=903"},{"taxonomy":"post_tag","embeddable":true,"href":"https:\/\/jeanracine.org\/cijr\/wp-json\/wp\/v2\/tags?post=903"}],"curies":[{"name":"wp","href":"https:\/\/api.w.org\/{rel}","templated":true}]}}