{"id":94,"date":"2021-01-28T22:57:51","date_gmt":"2021-01-28T21:57:51","guid":{"rendered":"http:\/\/jeanracine.org\/cijr\/?page_id=94"},"modified":"2021-02-28T09:36:11","modified_gmt":"2021-02-28T08:36:11","slug":"sa-vie","status":"publish","type":"page","link":"https:\/\/jeanracine.org\/cijr\/sa-vie\/","title":{"rendered":"Sa vie"},"content":{"rendered":"<p style=\"text-align: justify;\">La vie de Jean Racine est connue par plusieurs sources principales, dont certaines sont conserv\u00e9es \u00e0 la BNF et <a href=\"https:\/\/gallica.bnf.fr\/services\/engine\/search\/sru?operation=searchRetrieve&amp;version=1.2&amp;maximumRecords=50&amp;collapsing=true&amp;exactSearch=true&amp;query=dc.subject%20adj%20%22Racine%20%20Louis%20%22\">accessibles sur Gallica: <\/a>en particulier des lettres, des papiers conserv\u00e9s par ses enfants, et les m\u00e9moires de son fils Louis. Nous n&rsquo;avons pas conserv\u00e9 de brouillons de ses pi\u00e8ces, \u00e0 l&rsquo;exception d&rsquo;un plan en prose, le premier acte d&rsquo;une\u00a0<em>Iphig\u00e9nie en Tauride<\/em> qui ne vit jamais le jour.<\/p>\n<p style=\"text-align: justify;\">Trois biographies modernes sont disponibles:<\/p>\n<ul>\n<li style=\"text-align: justify;\">Raymond Picard,\u00a0<em>La Carri\u00e8re de Jean Racine, <\/em>1956.<\/li>\n<li style=\"text-align: justify;\">Alain Viala, Racine ou la strat\u00e9gie du cam\u00e9l\u00e9on, Seghers, 1990.<\/li>\n<li style=\"text-align: justify;\">Georges Forestier, Jean Racine, NRF Biographies, Gallimard, 2006.<\/li>\n<\/ul>\n<div class=\"menu-sa-vie-container\"><select class=\"mip-drop-nav\"><option value=\"#\">Pour en savoir plus...<\/option><option value=\"https:\/\/jeanracine.org\/cijr\/la-ferte-milon\/\">La Fert\u00e9-Milon<\/option>\n<option value=\"https:\/\/jeanracine.org\/cijr\/lenfance-a-port-royal\/\">Aux Petites Ecoles<\/option>\n<option value=\"https:\/\/jeanracine.org\/cijr\/lintendant-des-luynes\/\">L\u2019intendant des Luynes<\/option>\n<option value=\"https:\/\/jeanracine.org\/cijr\/le-sejour-a-uzes\/\">Le s\u00e9jour \u00e0 Uz\u00e8s<\/option>\n<option value=\"https:\/\/jeanracine.org\/cijr\/l-homme-de-theatre\/\">L&rsquo;homme de th\u00e9\u00e2tre<\/option>\n<option value=\"https:\/\/jeanracine.org\/cijr\/l-historiographe\/\">L&rsquo;historiographe<\/option>\n<option value=\"https:\/\/jeanracine.org\/cijr\/du-cote-de-saint-cyr\/\">Du c\u00f4t\u00e9 de Saint-Cyr<\/option>\n<option value=\"https:\/\/jeanracine.org\/cijr\/les-dernieres-annees\/\">Les derni\u00e8res ann\u00e9es<\/option>\n<option value=\"https:\/\/jeanracine.org\/cijr\/?page_id=1072\">Colloques et JE<\/option>\n<\/select><\/div>\n","protected":false},"excerpt":{"rendered":"<p>La vie de Jean Racine est connue par plusieurs sources principales, dont certaines sont conserv\u00e9es \u00e0 la BNF et accessibles sur Gallica: en particulier des lettres, des papiers conserv\u00e9s par ses enfants, et les m\u00e9moires de son fils Louis. Nous n&rsquo;avons pas conserv\u00e9 de brouillons de ses pi\u00e8ces, \u00e0 l&rsquo;exception d&rsquo;un plan en prose, le &hellip; <a href=\"https:\/\/jeanracine.org\/cijr\/sa-vie\/\" class=\"more-link\">Continuer la lecture de <span class=\"screen-reader-text\">Sa vie<\/span>  <span class=\"meta-nav\">&rarr;<\/span><\/a><\/p>\n","protected":false},"author":1,"featured_media":0,"parent":0,"menu_order":0,"comment_status":"closed","ping_status":"closed","template":"","meta":{"spay_email":"","footnotes":""},"categories":[6],"tags":[],"class_list":["post-94","page","type-page","status-publish","hentry","category-la-vie"],"jetpack_sharing_enabled":true,"_links":{"self":[{"href":"https:\/\/jeanracine.org\/cijr\/wp-json\/wp\/v2\/pages\/94","targetHints":{"allow":["GET"]}}],"collection":[{"href":"https:\/\/jeanracine.org\/cijr\/wp-json\/wp\/v2\/pages"}],"about":[{"href":"https:\/\/jeanracine.org\/cijr\/wp-json\/wp\/v2\/types\/page"}],"author":[{"embeddable":true,"href":"https:\/\/jeanracine.org\/cijr\/wp-json\/wp\/v2\/users\/1"}],"replies":[{"embeddable":true,"href":"https:\/\/jeanracine.org\/cijr\/wp-json\/wp\/v2\/comments?post=94"}],"version-history":[{"count":8,"href":"https:\/\/jeanracine.org\/cijr\/wp-json\/wp\/v2\/pages\/94\/revisions"}],"predecessor-version":[{"id":437,"href":"https:\/\/jeanracine.org\/cijr\/wp-json\/wp\/v2\/pages\/94\/revisions\/437"}],"wp:attachment":[{"href":"https:\/\/jeanracine.org\/cijr\/wp-json\/wp\/v2\/media?parent=94"}],"wp:term":[{"taxonomy":"category","embeddable":true,"href":"https:\/\/jeanracine.org\/cijr\/wp-json\/wp\/v2\/categories?post=94"},{"taxonomy":"post_tag","embeddable":true,"href":"https:\/\/jeanracine.org\/cijr\/wp-json\/wp\/v2\/tags?post=94"}],"curies":[{"name":"wp","href":"https:\/\/api.w.org\/{rel}","templated":true}]}}